{"id":30993,"date":"2025-07-06T08:11:09","date_gmt":"2025-07-06T06:11:09","guid":{"rendered":"https:\/\/www.ffmarcuard.com\/gestione-patrimoniale-indipendente-lugano\/termini-di-utilizzo\/"},"modified":"2025-07-10T10:39:17","modified_gmt":"2025-07-10T08:39:17","slug":"termini-di-utilizzo","status":"publish","type":"page","link":"https:\/\/www.ffmarcuard.com\/it\/gestione-patrimoniale-indipendente-lugano\/termini-di-utilizzo\/","title":{"rendered":"Termini di utilizzo"},"content":{"rendered":"\t\t<div data-elementor-type=\"wp-page\" data-elementor-id=\"30993\" class=\"elementor elementor-30993 elementor-29425\" data-elementor-post-type=\"page\">\n\t\t\t\t\t\t<section class=\"elementor-section elementor-top-section elementor-element elementor-element-3e99d5a elementor-section-full_width elementor-section-height-default elementor-section-height-default\" data-id=\"3e99d5a\" data-element_type=\"section\" data-e-type=\"section\">\n\t\t\t\t\t\t<div class=\"elementor-container elementor-column-gap-default\">\n\t\t\t\t\t<div class=\"elementor-column elementor-col-100 elementor-top-column elementor-element elementor-element-34acf80\" data-id=\"34acf80\" data-element_type=\"column\" data-e-type=\"column\">\n\t\t\t<div class=\"elementor-widget-wrap elementor-element-populated\">\n\t\t\t\t\t\t<div class=\"elementor-element elementor-element-e1d1b7d elementor-widget elementor-widget-spacer\" data-id=\"e1d1b7d\" data-element_type=\"widget\" data-e-type=\"widget\" data-widget_type=\"spacer.default\">\n\t\t\t\t\t\t\t<div class=\"elementor-spacer\">\n\t\t\t<div class=\"elementor-spacer-inner\"><\/div>\n\t\t<\/div>\n\t\t\t\t\t\t<\/div>\n\t\t\t\t<div class=\"elementor-element elementor-element-4934f61 elementor-widget elementor-widget-heading\" data-id=\"4934f61\" data-element_type=\"widget\" data-e-type=\"widget\" data-widget_type=\"heading.default\">\n\t\t\t\t\t<h1 class=\"elementor-heading-title elementor-size-default\">Termini di utilizzo<\/h1>\t\t\t\t<\/div>\n\t\t\t\t<div class=\"elementor-element elementor-element-87a341d elementor-widget elementor-widget-text-editor\" data-id=\"87a341d\" data-element_type=\"widget\" data-e-type=\"widget\" data-widget_type=\"text-editor.default\">\n\t\t\t\t\t\t\t\t\t<p>Benvenuti sul sito web di FF Marcuard SA (\u201cFF Marcuard\u201d, \u201cnoi\u201d o \u201cci\u201d). Accedendo o utilizzando questo sito web (<a href=\"https:\/\/www.ffmarcuard.com\/it\/\">www.ffmarcuard.com<\/a>) e il suo contenuto (il \u201cSito Web\u201d), l&#8217;utente accetta di essere legalmente vincolato dai seguenti termini e condizioni. Si prega di leggerli attentamente.<\/p><h2>1. Informazioni generali<\/h2><p>FF Marcuard SA \u00e8 una societ\u00e0 svizzera di gestione patrimoniale con sede a Lugano, Svizzera. Questo Sito Web \u00e8 a solo scopo informativo e non costituisce un&#8217;offerta, una raccomandazione o una sollecitazione all&#8217;acquisto o alla vendita di strumenti o servizi finanziari, n\u00e9 rappresenta una consulenza d&#8217;investimento o qualsiasi altra forma di raccomandazione personale.<\/p><h2>2. Accesso e restrizioni legali locali<\/h2><p>Questo sito web non \u00e8 destinato a persone soggette a giurisdizioni in cui la pubblicazione o l&#8217;accesso a questo sito web violerebbe le leggi o i regolamenti applicabili. Gli utenti sono responsabili di assicurarsi di essere legalmente autorizzati ad accedere a questo Sito Web nel loro rispettivo paese di residenza.<\/p><h2>3. Nessuna offerta o consulenza<\/h2><p>Il contenuto di questo Sito Web \u00e8 fornito a solo scopo informativo generale. Nulla su questo Sito Web deve essere interpretato come un&#8217;offerta pubblica, una consulenza legale o fiscale, o una raccomandazione d&#8217;investimento. FF Marcuard SA fornisce servizi di gestione patrimoniale personalizzati solo dopo una consultazione e un accordo personale.<\/p><h2>4. Accuratezza e limitazione di responsabilit\u00e0<\/h2><p>Sebbene ci preoccupiamo di garantire che le informazioni su questo Sito Web siano accurate al momento della pubblicazione, non ne garantiamo la completezza, l&#8217;affidabilit\u00e0 o l&#8217;accuratezza. FF Marcuard SA non si assume alcuna responsabilit\u00e0 per eventuali perdite o danni derivanti dall&#8217;uso o dall&#8217;affidamento sul contenuto di questo Sito Web.<\/p><h2>5. Propriet\u00e0 intellettuale<\/h2><p>Il contenuto e la struttura di questo Sito Web, inclusi tutti i testi, le immagini, i loghi e il layout, sono protetti dalle leggi sulla propriet\u00e0 intellettuale. La riproduzione, la distribuzione, la modifica o il riutilizzo di qualsiasi parte di questo Sito Web senza previa autorizzazione scritta di FF Marcuard SA \u00e8 severamente proibito.<\/p><h2>6. Protezione dei dati<\/h2><p>FF Marcuard SA prende sul serio la protezione dei dati. Si prega di consultare la nostra <a href=\"https:\/\/www.ffmarcuard.com\/it\/gestione-patrimoniale-indipendente-lugano\/privacy-e-cookie\/\">Informativa sulla Privacy e sui Cookie<\/a> separata per informazioni dettagliate su come raccogliamo, archiviamo e proteggiamo i dati personali.<\/p><h2>7. Utilizzo dei link<\/h2><p>Questo Sito Web pu\u00f2 contenere link a siti web esterni. FF Marcuard SA non si assume alcuna responsabilit\u00e0 per il contenuto, la sicurezza o le pratiche di protezione dei dati di questi siti web di terze parti.<\/p><h2>8. Modifiche ai termini<\/h2><p>FF Marcuard SA si riserva il diritto di modificare o aggiornare i presenti Termini di Utilizzo in qualsiasi momento senza preavviso. \u00c8 Sua responsabilit\u00e0 rivederli periodicamente. L&#8217;uso continuato del sito web costituisce accettazione delle presenti Condizioni d&#8217;uso.<\/p><h2>9. Legge applicabile<\/h2><p>Le presenti Condizioni sono regolate e interpretate in conformit\u00e0 con le leggi svizzere. Il foro competente \u00e8 Lugano, Svizzera, fatte salve eventuali giurisdizioni obbligatorie applicabili.<\/p><h2>10. Contatti<\/h2><p>In caso di domande sulle presenti Condizioni d&#8217;uso, non esitate a contattarci all&#8217;indirizzo:<\/p><ul><li><strong>Contatto ufficiale:<\/strong> <a href=\"#\" data-email-protect-click=\"kphqBhhoctewctf0eqo\"><span data-email-protect=\"kphqBhhoctewctf0eqo\"><\/span><\/a><\/li><li><strong>Indirizzo:<\/strong> FF Marcuard SA, Via Nassa 36, 6900 Lugano, Svizzera<\/li><\/ul>\t\t\t\t\t\t\t\t<\/div>\n\t\t\t\t\t<\/div>\n\t\t<\/div>\n\t\t\t\t\t<\/div>\n\t\t<\/section>\n\t\t\t\t<\/div>\n\t\t","protected":false},"excerpt":{"rendered":"<p>Termini di utilizzo Benvenuti sul sito web di FF Marcuard SA (\u201cFF Marcuard\u201d, \u201cnoi\u201d o \u201cci\u201d). Accedendo o utilizzando questo sito web (www.ffmarcuard.com) e il suo contenuto (il \u201cSito Web\u201d), l&#8217;utente accetta di essere legalmente vincolato dai seguenti termini e condizioni. Si prega di leggerli attentamente. 1. Informazioni generali FF Marcuard SA \u00e8 una societ\u00e0 [&hellip;]<\/p>\n","protected":false},"author":1,"featured_media":0,"parent":30865,"menu_order":0,"comment_status":"closed","ping_status":"closed","template":"","meta":{"footnotes":""},"class_list":["post-30993","page","type-page","status-publish","hentry"],"yoast_head":"<!-- This site is optimized with the Yoast SEO plugin v27.5 - https:\/\/yoast.com\/product\/yoast-seo-wordpress\/ -->\n<title>Termini di utilizzo &#8212; FF Marcuard<\/title>\n<meta name=\"description\" content=\"Leggi i Termini d&#039;Uso. Usiamo Google Analytics, LinkedIn e terze parti.\" \/>\n<meta name=\"robots\" content=\"index, follow, max-snippet:-1, max-image-preview:large, max-video-preview:-1\" \/>\n<link rel=\"canonical\" href=\"https:\/\/www.ffmarcuard.com\/it\/gestione-patrimoniale-indipendente-lugano\/termini-di-utilizzo\/\" \/>\n<meta property=\"og:locale\" content=\"it_IT\" \/>\n<meta property=\"og:type\" content=\"article\" \/>\n<meta property=\"og:title\" content=\"Termini di utilizzo &#8212; FF Marcuard\" \/>\n<meta property=\"og:description\" content=\"Leggi i Termini d&#039;Uso. Usiamo Google Analytics, LinkedIn e terze parti.\" \/>\n<meta property=\"og:url\" content=\"https:\/\/www.ffmarcuard.com\/it\/gestione-patrimoniale-indipendente-lugano\/termini-di-utilizzo\/\" \/>\n<meta property=\"og:site_name\" content=\"FF Marcuard\" \/>\n<meta property=\"article:modified_time\" content=\"2025-07-10T08:39:17+00:00\" \/>\n<meta name=\"twitter:card\" content=\"summary_large_image\" \/>\n<meta name=\"twitter:label1\" content=\"Tempo di lettura stimato\" \/>\n\t<meta name=\"twitter:data1\" content=\"2 minuti\" \/>\n<script type=\"application\/ld+json\" class=\"yoast-schema-graph\">{\"@context\":\"https:\\\/\\\/schema.org\",\"@graph\":[{\"@type\":\"WebPage\",\"@id\":\"https:\\\/\\\/www.ffmarcuard.com\\\/it\\\/gestione-patrimoniale-indipendente-lugano\\\/termini-di-utilizzo\\\/\",\"url\":\"https:\\\/\\\/www.ffmarcuard.com\\\/it\\\/gestione-patrimoniale-indipendente-lugano\\\/termini-di-utilizzo\\\/\",\"name\":\"Termini di utilizzo &#8212; FF Marcuard\",\"isPartOf\":{\"@id\":\"https:\\\/\\\/www.ffmarcuard.com\\\/it\\\/#website\"},\"datePublished\":\"2025-07-06T06:11:09+00:00\",\"dateModified\":\"2025-07-10T08:39:17+00:00\",\"description\":\"Leggi i Termini d'Uso. Usiamo Google Analytics, LinkedIn e terze parti.\",\"breadcrumb\":{\"@id\":\"https:\\\/\\\/www.ffmarcuard.com\\\/it\\\/gestione-patrimoniale-indipendente-lugano\\\/termini-di-utilizzo\\\/#breadcrumb\"},\"inLanguage\":\"it-IT\",\"potentialAction\":[{\"@type\":\"ReadAction\",\"target\":[\"https:\\\/\\\/www.ffmarcuard.com\\\/it\\\/gestione-patrimoniale-indipendente-lugano\\\/termini-di-utilizzo\\\/\"]}]},{\"@type\":\"BreadcrumbList\",\"@id\":\"https:\\\/\\\/www.ffmarcuard.com\\\/it\\\/gestione-patrimoniale-indipendente-lugano\\\/termini-di-utilizzo\\\/#breadcrumb\",\"itemListElement\":[{\"@type\":\"ListItem\",\"position\":1,\"name\":\"Gestore patrimoniale indipendente a Lugano\",\"item\":\"https:\\\/\\\/www.ffmarcuard.com\\\/it\\\/gestione-patrimoniale-indipendente-lugano\\\/\"},{\"@type\":\"ListItem\",\"position\":2,\"name\":\"Termini di utilizzo\"}]},{\"@type\":\"WebSite\",\"@id\":\"https:\\\/\\\/www.ffmarcuard.com\\\/it\\\/#website\",\"url\":\"https:\\\/\\\/www.ffmarcuard.com\\\/it\\\/\",\"name\":\"FF Marcuard\",\"description\":\"Wealth Management\",\"publisher\":{\"@id\":\"https:\\\/\\\/www.ffmarcuard.com\\\/it\\\/#organization\"},\"potentialAction\":[{\"@type\":\"SearchAction\",\"target\":{\"@type\":\"EntryPoint\",\"urlTemplate\":\"https:\\\/\\\/www.ffmarcuard.com\\\/it\\\/?s={search_term_string}\"},\"query-input\":{\"@type\":\"PropertyValueSpecification\",\"valueRequired\":true,\"valueName\":\"search_term_string\"}}],\"inLanguage\":\"it-IT\"},{\"@type\":\"Organization\",\"@id\":\"https:\\\/\\\/www.ffmarcuard.com\\\/it\\\/#organization\",\"name\":\"FF Marcuard SA\",\"url\":\"https:\\\/\\\/www.ffmarcuard.com\\\/it\\\/\",\"logo\":{\"@type\":\"ImageObject\",\"inLanguage\":\"it-IT\",\"@id\":\"https:\\\/\\\/www.ffmarcuard.com\\\/it\\\/#\\\/schema\\\/logo\\\/image\\\/\",\"url\":\"https:\\\/\\\/www.ffmarcuard.com\\\/wp-content\\\/uploads\\\/2022\\\/01\\\/FF-Marcuard-SA.png\",\"contentUrl\":\"https:\\\/\\\/www.ffmarcuard.com\\\/wp-content\\\/uploads\\\/2022\\\/01\\\/FF-Marcuard-SA.png\",\"width\":200,\"height\":197,\"caption\":\"FF Marcuard SA\"},\"image\":{\"@id\":\"https:\\\/\\\/www.ffmarcuard.com\\\/it\\\/#\\\/schema\\\/logo\\\/image\\\/\"}}]}<\/script>\n<!-- \/ Yoast SEO plugin. -->","yoast_head_json":{"title":"Termini di utilizzo &#8212; FF Marcuard","description":"Leggi i Termini d'Uso. Usiamo Google Analytics, LinkedIn e terze parti.","robots":{"index":"index","follow":"follow","max-snippet":"max-snippet:-1","max-image-preview":"max-image-preview:large","max-video-preview":"max-video-preview:-1"},"canonical":"https:\/\/www.ffmarcuard.com\/it\/gestione-patrimoniale-indipendente-lugano\/termini-di-utilizzo\/","og_locale":"it_IT","og_type":"article","og_title":"Termini di utilizzo &#8212; FF Marcuard","og_description":"Leggi i Termini d'Uso. Usiamo Google Analytics, LinkedIn e terze parti.","og_url":"https:\/\/www.ffmarcuard.com\/it\/gestione-patrimoniale-indipendente-lugano\/termini-di-utilizzo\/","og_site_name":"FF Marcuard","article_modified_time":"2025-07-10T08:39:17+00:00","twitter_card":"summary_large_image","twitter_misc":{"Tempo di lettura stimato":"2 minuti"},"schema":{"@context":"https:\/\/schema.org","@graph":[{"@type":"WebPage","@id":"https:\/\/www.ffmarcuard.com\/it\/gestione-patrimoniale-indipendente-lugano\/termini-di-utilizzo\/","url":"https:\/\/www.ffmarcuard.com\/it\/gestione-patrimoniale-indipendente-lugano\/termini-di-utilizzo\/","name":"Termini di utilizzo &#8212; FF Marcuard","isPartOf":{"@id":"https:\/\/www.ffmarcuard.com\/it\/#website"},"datePublished":"2025-07-06T06:11:09+00:00","dateModified":"2025-07-10T08:39:17+00:00","description":"Leggi i Termini d'Uso. Usiamo Google Analytics, LinkedIn e terze parti.","breadcrumb":{"@id":"https:\/\/www.ffmarcuard.com\/it\/gestione-patrimoniale-indipendente-lugano\/termini-di-utilizzo\/#breadcrumb"},"inLanguage":"it-IT","potentialAction":[{"@type":"ReadAction","target":["https:\/\/www.ffmarcuard.com\/it\/gestione-patrimoniale-indipendente-lugano\/termini-di-utilizzo\/"]}]},{"@type":"BreadcrumbList","@id":"https:\/\/www.ffmarcuard.com\/it\/gestione-patrimoniale-indipendente-lugano\/termini-di-utilizzo\/#breadcrumb","itemListElement":[{"@type":"ListItem","position":1,"name":"Gestore patrimoniale indipendente a Lugano","item":"https:\/\/www.ffmarcuard.com\/it\/gestione-patrimoniale-indipendente-lugano\/"},{"@type":"ListItem","position":2,"name":"Termini di utilizzo"}]},{"@type":"WebSite","@id":"https:\/\/www.ffmarcuard.com\/it\/#website","url":"https:\/\/www.ffmarcuard.com\/it\/","name":"FF Marcuard","description":"Wealth Management","publisher":{"@id":"https:\/\/www.ffmarcuard.com\/it\/#organization"},"potentialAction":[{"@type":"SearchAction","target":{"@type":"EntryPoint","urlTemplate":"https:\/\/www.ffmarcuard.com\/it\/?s={search_term_string}"},"query-input":{"@type":"PropertyValueSpecification","valueRequired":true,"valueName":"search_term_string"}}],"inLanguage":"it-IT"},{"@type":"Organization","@id":"https:\/\/www.ffmarcuard.com\/it\/#organization","name":"FF Marcuard SA","url":"https:\/\/www.ffmarcuard.com\/it\/","logo":{"@type":"ImageObject","inLanguage":"it-IT","@id":"https:\/\/www.ffmarcuard.com\/it\/#\/schema\/logo\/image\/","url":"https:\/\/www.ffmarcuard.com\/wp-content\/uploads\/2022\/01\/FF-Marcuard-SA.png","contentUrl":"https:\/\/www.ffmarcuard.com\/wp-content\/uploads\/2022\/01\/FF-Marcuard-SA.png","width":200,"height":197,"caption":"FF Marcuard SA"},"image":{"@id":"https:\/\/www.ffmarcuard.com\/it\/#\/schema\/logo\/image\/"}}]}},"_links":{"self":[{"href":"https:\/\/www.ffmarcuard.com\/it\/wp-json\/wp\/v2\/pages\/30993","targetHints":{"allow":["GET"]}}],"collection":[{"href":"https:\/\/www.ffmarcuard.com\/it\/wp-json\/wp\/v2\/pages"}],"about":[{"href":"https:\/\/www.ffmarcuard.com\/it\/wp-json\/wp\/v2\/types\/page"}],"author":[{"embeddable":true,"href":"https:\/\/www.ffmarcuard.com\/it\/wp-json\/wp\/v2\/users\/1"}],"replies":[{"embeddable":true,"href":"https:\/\/www.ffmarcuard.com\/it\/wp-json\/wp\/v2\/comments?post=30993"}],"version-history":[{"count":6,"href":"https:\/\/www.ffmarcuard.com\/it\/wp-json\/wp\/v2\/pages\/30993\/revisions"}],"predecessor-version":[{"id":31122,"href":"https:\/\/www.ffmarcuard.com\/it\/wp-json\/wp\/v2\/pages\/30993\/revisions\/31122"}],"up":[{"embeddable":true,"href":"https:\/\/www.ffmarcuard.com\/it\/wp-json\/wp\/v2\/pages\/30865"}],"wp:attachment":[{"href":"https:\/\/www.ffmarcuard.com\/it\/wp-json\/wp\/v2\/media?parent=30993"}],"curies":[{"name":"wp","href":"https:\/\/api.w.org\/{rel}","templated":true}]}}