{"id":29763,"date":"2022-01-15T12:45:49","date_gmt":"2022-01-15T11:45:49","guid":{"rendered":"https:\/\/www.ffmarcuard.com\/ff-marcuard-sa\/informazioni-regolamentari\/"},"modified":"2025-07-10T09:54:06","modified_gmt":"2025-07-10T07:54:06","slug":"informazioni-regolamentari","status":"publish","type":"page","link":"https:\/\/www.ffmarcuard.com\/it\/gestione-patrimoniale-indipendente-lugano\/informazioni-regolamentari\/","title":{"rendered":"Informazioni regolamentari"},"content":{"rendered":"\t\t<div data-elementor-type=\"wp-page\" data-elementor-id=\"29763\" class=\"elementor elementor-29763 elementor-29241\" data-elementor-post-type=\"page\">\n\t\t\t\t\t\t<section class=\"elementor-section elementor-top-section elementor-element elementor-element-3e99d5a elementor-section-boxed elementor-section-height-default elementor-section-height-default\" data-id=\"3e99d5a\" data-element_type=\"section\" data-e-type=\"section\">\n\t\t\t\t\t\t<div class=\"elementor-container elementor-column-gap-default\">\n\t\t\t\t\t<div class=\"elementor-column elementor-col-100 elementor-top-column elementor-element elementor-element-34acf80\" data-id=\"34acf80\" data-element_type=\"column\" data-e-type=\"column\">\n\t\t\t<div class=\"elementor-widget-wrap elementor-element-populated\">\n\t\t\t\t\t\t<div class=\"elementor-element elementor-element-e1d1b7d elementor-widget elementor-widget-spacer\" data-id=\"e1d1b7d\" data-element_type=\"widget\" data-e-type=\"widget\" data-widget_type=\"spacer.default\">\n\t\t\t\t\t\t\t<div class=\"elementor-spacer\">\n\t\t\t<div class=\"elementor-spacer-inner\"><\/div>\n\t\t<\/div>\n\t\t\t\t\t\t<\/div>\n\t\t\t\t<div class=\"elementor-element elementor-element-c1c8eca elementor-widget elementor-widget-breadcrumbs\" data-id=\"c1c8eca\" data-element_type=\"widget\" data-e-type=\"widget\" data-widget_type=\"breadcrumbs.default\">\n\t\t\t\t\t<p id=\"breadcrumbs\"><\/p>\t\t\t\t<\/div>\n\t\t\t\t<div class=\"elementor-element elementor-element-f4abdf6 elementor-widget elementor-widget-heading\" data-id=\"f4abdf6\" data-element_type=\"widget\" data-e-type=\"widget\" data-widget_type=\"heading.default\">\n\t\t\t\t\t<h1 class=\"elementor-heading-title elementor-size-default\">Informazioni regolamentari<\/h1>\t\t\t\t<\/div>\n\t\t\t\t<section class=\"elementor-section elementor-inner-section elementor-element elementor-element-7de854e elementor-section-boxed elementor-section-height-default elementor-section-height-default\" data-id=\"7de854e\" data-element_type=\"section\" data-e-type=\"section\">\n\t\t\t\t\t\t<div class=\"elementor-container elementor-column-gap-default\">\n\t\t\t\t\t<div class=\"elementor-column elementor-col-50 elementor-inner-column elementor-element elementor-element-c40b9d3\" data-id=\"c40b9d3\" data-element_type=\"column\" data-e-type=\"column\">\n\t\t\t<div class=\"elementor-widget-wrap elementor-element-populated\">\n\t\t\t\t\t\t<div class=\"elementor-element elementor-element-0051c0b elementor-widget elementor-widget-text-editor\" data-id=\"0051c0b\" data-element_type=\"widget\" data-e-type=\"widget\" data-widget_type=\"text-editor.default\">\n\t\t\t\t\t\t\t\t\t<p>Si prega di leggere la nostra <a href=\"https:\/\/www.ffmarcuard.com\/it\/gestione-patrimoniale-indipendente-lugano\/privacy-e-cookie\/\">informativa sulla privacy<\/a> .<\/p>\t\t\t\t\t\t\t\t<\/div>\n\t\t\t\t<div class=\"elementor-element elementor-element-9264b07 elementor-widget elementor-widget-text-editor\" data-id=\"9264b07\" data-element_type=\"widget\" data-e-type=\"widget\" data-widget_type=\"text-editor.default\">\n\t\t\t\t\t\t\t\t\t<p>I gestori di portafoglio sono societ\u00e0 di gestione patrimoniale autorizzate a gestire patrimoni di terzi, sulla base di una procura, e che svolgono tale attivit\u00e0 su base commerciale. <\/p><p>FF Marcuard SA \u00e8 un gestore di portafoglio autorizzato regolamentato da:<\/p>\t\t\t\t\t\t\t\t<\/div>\n\t\t\t\t<div class=\"elementor-element elementor-element-9ae5f9a elementor-widget elementor-widget-text-editor\" data-id=\"9ae5f9a\" data-element_type=\"widget\" data-e-type=\"widget\" data-widget_type=\"text-editor.default\">\n\t\t\t\t\t\t\t\t\t<p><a href=\"https:\/\/www.finma.ch\/\" target=\"_blank\" rel=\"noopener\">Autorit\u00e0 federale di vigilanza finanziaria (FINMA)<\/a><br>Laupenstrasse 27<br>3003 Berna<br>Svizzera<\/p>\t\t\t\t\t\t\t\t<\/div>\n\t\t\t\t<div class=\"elementor-element elementor-element-c3b6687 elementor-icon-list--layout-traditional elementor-list-item-link-full_width elementor-widget elementor-widget-icon-list\" data-id=\"c3b6687\" data-element_type=\"widget\" data-e-type=\"widget\" data-widget_type=\"icon-list.default\">\n\t\t\t\t\t\t\t<ul class=\"elementor-icon-list-items\">\n\t\t\t\t\t\t\t<li class=\"elementor-icon-list-item\">\n\t\t\t\t\t\t\t\t\t\t<span class=\"elementor-icon-list-text\">+41 31 327 91 00<\/span>\n\t\t\t\t\t\t\t\t\t<\/li>\n\t\t\t\t\t\t\t\t<li class=\"elementor-icon-list-item\">\n\t\t\t\t\t\t\t\t\t\t\t<a href=\"#\" data-email-protect-click=\"kphqBhkpoc0ej\" target=\"_blank\">\n\n\t\t\t\t\t\t\t\t\t\t\t<span class=\"elementor-icon-list-text\">info(at)finma.ch<\/span>\n\t\t\t\t\t\t\t\t\t\t\t<\/a>\n\t\t\t\t\t\t\t\t\t<\/li>\n\t\t\t\t\t\t<\/ul>\n\t\t\t\t\t\t<\/div>\n\t\t\t\t\t<\/div>\n\t\t<\/div>\n\t\t\t\t<div class=\"elementor-column elementor-col-50 elementor-inner-column elementor-element elementor-element-41ea53f\" data-id=\"41ea53f\" data-element_type=\"column\" data-e-type=\"column\">\n\t\t\t<div class=\"elementor-widget-wrap elementor-element-populated\">\n\t\t\t\t\t\t<div class=\"elementor-element elementor-element-f4a24c4 elementor-widget elementor-widget-image\" data-id=\"f4a24c4\" data-element_type=\"widget\" data-e-type=\"widget\" data-widget_type=\"image.default\">\n\t\t\t\t\t\t\t\t\t\t\t\t\t\t\t\t<a href=\"https:\/\/finma.ch\" target=\"_blank\">\n\t\t\t\t\t\t\t<img fetchpriority=\"high\" decoding=\"async\" width=\"350\" height=\"146\" src=\"https:\/\/www.ffmarcuard.com\/wp-content\/uploads\/2022\/01\/Regulatory-Information-1.png\" class=\"attachment-full size-full wp-image-29694\" alt=\"\" \/>\t\t\t\t\t\t\t\t<\/a>\n\t\t\t\t\t\t\t\t\t\t\t\t\t\t\t<\/div>\n\t\t\t\t\t<\/div>\n\t\t<\/div>\n\t\t\t\t\t<\/div>\n\t\t<\/section>\n\t\t\t\t<div class=\"elementor-element elementor-element-39e0851 elementor-widget elementor-widget-spacer\" data-id=\"39e0851\" data-element_type=\"widget\" data-e-type=\"widget\" data-widget_type=\"spacer.default\">\n\t\t\t\t\t\t\t<div class=\"elementor-spacer\">\n\t\t\t<div class=\"elementor-spacer-inner\"><\/div>\n\t\t<\/div>\n\t\t\t\t\t\t<\/div>\n\t\t\t\t<div class=\"elementor-element elementor-element-595aca1 elementor-widget elementor-widget-spacer\" data-id=\"595aca1\" data-element_type=\"widget\" data-e-type=\"widget\" data-widget_type=\"spacer.default\">\n\t\t\t\t\t\t\t<div class=\"elementor-spacer\">\n\t\t\t<div class=\"elementor-spacer-inner\"><\/div>\n\t\t<\/div>\n\t\t\t\t\t\t<\/div>\n\t\t\t\t<section class=\"elementor-section elementor-inner-section elementor-element elementor-element-3d891ad elementor-section-boxed elementor-section-height-default elementor-section-height-default\" data-id=\"3d891ad\" data-element_type=\"section\" data-e-type=\"section\">\n\t\t\t\t\t\t<div class=\"elementor-container elementor-column-gap-default\">\n\t\t\t\t\t<div class=\"elementor-column elementor-col-50 elementor-inner-column elementor-element elementor-element-32cba3d\" data-id=\"32cba3d\" data-element_type=\"column\" data-e-type=\"column\">\n\t\t\t<div class=\"elementor-widget-wrap elementor-element-populated\">\n\t\t\t\t\t\t<div class=\"elementor-element elementor-element-8fd10ec elementor-widget elementor-widget-text-editor\" data-id=\"8fd10ec\" data-element_type=\"widget\" data-e-type=\"widget\" data-widget_type=\"text-editor.default\">\n\t\t\t\t\t\t\t\t\t<p>Per il costante rispetto dei requisiti di autorizzazione FINMA e del regolamento applicabile, FF Marcuard SA \u00e8 vigilata da:<\/p>\t\t\t\t\t\t\t\t<\/div>\n\t\t\t\t<div class=\"elementor-element elementor-element-373ef17 elementor-widget elementor-widget-text-editor\" data-id=\"373ef17\" data-element_type=\"widget\" data-e-type=\"widget\" data-widget_type=\"text-editor.default\">\n\t\t\t\t\t\t\t\t\t<p><a href=\"https:\/\/www.aoos.ch\/\" target=\"_blank\" rel=\"noopener\">AOOS &#8211; Societ\u00e0 anonima svizzera di vigilanza<\/a><br>Via Landriani 3<br>6900 Lugano<br>Svizzera<\/p>\t\t\t\t\t\t\t\t<\/div>\n\t\t\t\t<div class=\"elementor-element elementor-element-280d772 elementor-icon-list--layout-traditional elementor-list-item-link-full_width elementor-widget elementor-widget-icon-list\" data-id=\"280d772\" data-element_type=\"widget\" data-e-type=\"widget\" data-widget_type=\"icon-list.default\">\n\t\t\t\t\t\t\t<ul class=\"elementor-icon-list-items\">\n\t\t\t\t\t\t\t<li class=\"elementor-icon-list-item\">\n\t\t\t\t\t\t\t\t\t\t<span class=\"elementor-icon-list-text\">+41 91 940 40 00<\/span>\n\t\t\t\t\t\t\t\t\t<\/li>\n\t\t\t\t\t\t\t\t<li class=\"elementor-icon-list-item\">\n\t\t\t\t\t\t\t\t\t\t\t<a href=\"#\" data-email-protect-click=\"kphqnwicpqBcqqu0ej\" target=\"_blank\">\n\n\t\t\t\t\t\t\t\t\t\t\t<span class=\"elementor-icon-list-text\">infolugano(at)aoos.ch<\/span>\n\t\t\t\t\t\t\t\t\t\t\t<\/a>\n\t\t\t\t\t\t\t\t\t<\/li>\n\t\t\t\t\t\t<\/ul>\n\t\t\t\t\t\t<\/div>\n\t\t\t\t\t<\/div>\n\t\t<\/div>\n\t\t\t\t<div class=\"elementor-column elementor-col-50 elementor-inner-column elementor-element elementor-element-031b1ec\" data-id=\"031b1ec\" data-element_type=\"column\" data-e-type=\"column\">\n\t\t\t<div class=\"elementor-widget-wrap elementor-element-populated\">\n\t\t\t\t\t\t<div class=\"elementor-element elementor-element-d921b35 elementor-widget elementor-widget-image\" data-id=\"d921b35\" data-element_type=\"widget\" data-e-type=\"widget\" data-widget_type=\"image.default\">\n\t\t\t\t\t\t\t\t\t\t\t\t\t\t\t\t<a href=\"https:\/\/aoos.ch\" target=\"_blank\">\n\t\t\t\t\t\t\t<img decoding=\"async\" width=\"400\" height=\"200\" src=\"https:\/\/www.ffmarcuard.com\/wp-content\/uploads\/2022\/01\/Regulatory-Information.jpg\" class=\"attachment-full size-full wp-image-29695\" alt=\"\" \/>\t\t\t\t\t\t\t\t<\/a>\n\t\t\t\t\t\t\t\t\t\t\t\t\t\t\t<\/div>\n\t\t\t\t\t<\/div>\n\t\t<\/div>\n\t\t\t\t\t<\/div>\n\t\t<\/section>\n\t\t\t\t<div class=\"elementor-element elementor-element-1ad8550 elementor-widget elementor-widget-spacer\" data-id=\"1ad8550\" data-element_type=\"widget\" data-e-type=\"widget\" data-widget_type=\"spacer.default\">\n\t\t\t\t\t\t\t<div class=\"elementor-spacer\">\n\t\t\t<div class=\"elementor-spacer-inner\"><\/div>\n\t\t<\/div>\n\t\t\t\t\t\t<\/div>\n\t\t\t\t<div class=\"elementor-element elementor-element-40d2a9b elementor-widget elementor-widget-spacer\" data-id=\"40d2a9b\" data-element_type=\"widget\" data-e-type=\"widget\" data-widget_type=\"spacer.default\">\n\t\t\t\t\t\t\t<div class=\"elementor-spacer\">\n\t\t\t<div class=\"elementor-spacer-inner\"><\/div>\n\t\t<\/div>\n\t\t\t\t\t\t<\/div>\n\t\t\t\t<section class=\"elementor-section elementor-inner-section elementor-element elementor-element-554bf85 elementor-section-boxed elementor-section-height-default elementor-section-height-default\" data-id=\"554bf85\" data-element_type=\"section\" data-e-type=\"section\">\n\t\t\t\t\t\t<div class=\"elementor-container elementor-column-gap-default\">\n\t\t\t\t\t<div class=\"elementor-column elementor-col-50 elementor-inner-column elementor-element elementor-element-0540d81\" data-id=\"0540d81\" data-element_type=\"column\" data-e-type=\"column\">\n\t\t\t<div class=\"elementor-widget-wrap elementor-element-populated\">\n\t\t\t\t\t\t<div class=\"elementor-element elementor-element-b19974a elementor-widget elementor-widget-text-editor\" data-id=\"b19974a\" data-element_type=\"widget\" data-e-type=\"widget\" data-widget_type=\"text-editor.default\">\n\t\t\t\t\t\t\t\t\t<p>In caso di risoluzione delle controversie, i clienti di FF Marcuard SA possono chiedere assistenza a OFS-Ombudfinance.<\/p>\t\t\t\t\t\t\t\t<\/div>\n\t\t\t\t<div class=\"elementor-element elementor-element-d8956c3 elementor-widget elementor-widget-text-editor\" data-id=\"d8956c3\" data-element_type=\"widget\" data-e-type=\"widget\" data-widget_type=\"text-editor.default\">\n\t\t\t\t\t\t\t\t\t<p><a href=\"https:\/\/www.aoos.ch\/\" target=\"_blank\" rel=\"noopener\">OFS &#8211; Ombud Finanza Svizzera<\/a><br>16 Boulevard des Tranch\u00e9es<br>1206 Ginevra<br>Svizzera<\/p>\t\t\t\t\t\t\t\t<\/div>\n\t\t\t\t<div class=\"elementor-element elementor-element-592ea46 elementor-align-start elementor-icon-list--layout-traditional elementor-list-item-link-full_width elementor-widget elementor-widget-icon-list\" data-id=\"592ea46\" data-element_type=\"widget\" data-e-type=\"widget\" data-widget_type=\"icon-list.default\">\n\t\t\t\t\t\t\t<ul class=\"elementor-icon-list-items\">\n\t\t\t\t\t\t\t<li class=\"elementor-icon-list-item\">\n\t\t\t\t\t\t\t\t\t\t<span class=\"elementor-icon-list-text\">+41 22 808 04 51<\/span>\n\t\t\t\t\t\t\t\t\t<\/li>\n\t\t\t\t\t\t\t\t<li class=\"elementor-icon-list-item\">\n\t\t\t\t\t\t\t\t\t\t\t<a href=\"#\" data-email-protect-click=\"eqpvcevBqodwfhkpcpeg0ej\" target=\"_blank\">\n\n\t\t\t\t\t\t\t\t\t\t\t<span class=\"elementor-icon-list-text\">contact(at)ombudfinance.ch<\/span>\n\t\t\t\t\t\t\t\t\t\t\t<\/a>\n\t\t\t\t\t\t\t\t\t<\/li>\n\t\t\t\t\t\t<\/ul>\n\t\t\t\t\t\t<\/div>\n\t\t\t\t\t<\/div>\n\t\t<\/div>\n\t\t\t\t<div class=\"elementor-column elementor-col-50 elementor-inner-column elementor-element elementor-element-56e6e7a\" data-id=\"56e6e7a\" data-element_type=\"column\" data-e-type=\"column\">\n\t\t\t<div class=\"elementor-widget-wrap elementor-element-populated\">\n\t\t\t\t\t\t<div class=\"elementor-element elementor-element-046730c elementor-widget elementor-widget-image\" data-id=\"046730c\" data-element_type=\"widget\" data-e-type=\"widget\" data-widget_type=\"image.default\">\n\t\t\t\t\t\t\t\t\t\t\t\t\t\t\t\t<a href=\"https:\/\/ombudfinance.ch\" target=\"_blank\">\n\t\t\t\t\t\t\t<img decoding=\"async\" width=\"299\" height=\"113\" src=\"https:\/\/www.ffmarcuard.com\/wp-content\/uploads\/2022\/01\/OFS_logo.png\" class=\"attachment-full size-full wp-image-29696\" alt=\"\" \/>\t\t\t\t\t\t\t\t<\/a>\n\t\t\t\t\t\t\t\t\t\t\t\t\t\t\t<\/div>\n\t\t\t\t\t<\/div>\n\t\t<\/div>\n\t\t\t\t\t<\/div>\n\t\t<\/section>\n\t\t\t\t<div class=\"elementor-element elementor-element-fde1e91 elementor-widget elementor-widget-spacer\" data-id=\"fde1e91\" data-element_type=\"widget\" data-e-type=\"widget\" data-widget_type=\"spacer.default\">\n\t\t\t\t\t\t\t<div class=\"elementor-spacer\">\n\t\t\t<div class=\"elementor-spacer-inner\"><\/div>\n\t\t<\/div>\n\t\t\t\t\t\t<\/div>\n\t\t\t\t\t<\/div>\n\t\t<\/div>\n\t\t\t\t\t<\/div>\n\t\t<\/section>\n\t\t\t\t<\/div>\n\t\t","protected":false},"excerpt":{"rendered":"<p>Informazioni regolamentari Si prega di leggere la nostra informativa sulla privacy . I gestori di portafoglio sono societ\u00e0 di gestione patrimoniale autorizzate a gestire patrimoni di terzi, sulla base di una procura, e che svolgono tale attivit\u00e0 su base commerciale. FF Marcuard SA \u00e8 un gestore di portafoglio autorizzato regolamentato da: Autorit\u00e0 federale di vigilanza [&hellip;]<\/p>\n","protected":false},"author":1,"featured_media":0,"parent":30865,"menu_order":0,"comment_status":"closed","ping_status":"closed","template":"","meta":{"footnotes":""},"class_list":["post-29763","page","type-page","status-publish","hentry"],"yoast_head":"<!-- This site is optimized with the Yoast SEO plugin v27.5 - https:\/\/yoast.com\/product\/yoast-seo-wordpress\/ -->\n<title>Informazioni regolamentari &#8212; FF Marcuard<\/title>\n<meta name=\"description\" content=\"FF Marcuard SA \u00e8 un gestore di portafoglio autorizzato regolamentato dall&#039;Autorit\u00e0 svizzera di vigilanza sui mercati finanziari (FINMA). Informazioni normative.\" \/>\n<meta name=\"robots\" content=\"index, follow, max-snippet:-1, max-image-preview:large, max-video-preview:-1\" \/>\n<link rel=\"canonical\" href=\"https:\/\/www.ffmarcuard.com\/it\/gestione-patrimoniale-indipendente-lugano\/informazioni-regolamentari\/\" \/>\n<meta property=\"og:locale\" content=\"it_IT\" \/>\n<meta property=\"og:type\" content=\"article\" \/>\n<meta property=\"og:title\" content=\"Informazioni regolamentari &#8212; FF Marcuard\" \/>\n<meta property=\"og:description\" content=\"FF Marcuard SA \u00e8 un gestore di portafoglio autorizzato regolamentato dall&#039;Autorit\u00e0 svizzera di vigilanza sui mercati finanziari (FINMA). Informazioni normative.\" \/>\n<meta property=\"og:url\" content=\"https:\/\/www.ffmarcuard.com\/it\/gestione-patrimoniale-indipendente-lugano\/informazioni-regolamentari\/\" \/>\n<meta property=\"og:site_name\" content=\"FF Marcuard\" \/>\n<meta property=\"article:modified_time\" content=\"2025-07-10T07:54:06+00:00\" \/>\n<meta property=\"og:image\" content=\"https:\/\/www.ffmarcuard.com\/wp-content\/uploads\/2022\/01\/FF-Marcuard-SA.png\" \/>\n\t<meta property=\"og:image:width\" content=\"200\" \/>\n\t<meta property=\"og:image:height\" content=\"197\" \/>\n\t<meta property=\"og:image:type\" content=\"image\/png\" \/>\n<meta name=\"twitter:card\" content=\"summary_large_image\" \/>\n<meta name=\"twitter:label1\" content=\"Tempo di lettura stimato\" \/>\n\t<meta name=\"twitter:data1\" content=\"1 minuto\" \/>\n<script type=\"application\/ld+json\" class=\"yoast-schema-graph\">{\"@context\":\"https:\\\/\\\/schema.org\",\"@graph\":[{\"@type\":\"WebPage\",\"@id\":\"https:\\\/\\\/www.ffmarcuard.com\\\/it\\\/gestione-patrimoniale-indipendente-lugano\\\/informazioni-regolamentari\\\/\",\"url\":\"https:\\\/\\\/www.ffmarcuard.com\\\/it\\\/gestione-patrimoniale-indipendente-lugano\\\/informazioni-regolamentari\\\/\",\"name\":\"Informazioni regolamentari &#8212; FF Marcuard\",\"isPartOf\":{\"@id\":\"https:\\\/\\\/www.ffmarcuard.com\\\/it\\\/#website\"},\"primaryImageOfPage\":{\"@id\":\"https:\\\/\\\/www.ffmarcuard.com\\\/it\\\/gestione-patrimoniale-indipendente-lugano\\\/informazioni-regolamentari\\\/#primaryimage\"},\"image\":{\"@id\":\"https:\\\/\\\/www.ffmarcuard.com\\\/it\\\/gestione-patrimoniale-indipendente-lugano\\\/informazioni-regolamentari\\\/#primaryimage\"},\"thumbnailUrl\":\"https:\\\/\\\/www.ffmarcuard.com\\\/wp-content\\\/uploads\\\/2022\\\/01\\\/Regulatory-Information-1.png\",\"datePublished\":\"2022-01-15T11:45:49+00:00\",\"dateModified\":\"2025-07-10T07:54:06+00:00\",\"description\":\"FF Marcuard SA \u00e8 un gestore di portafoglio autorizzato regolamentato dall'Autorit\u00e0 svizzera di vigilanza sui mercati finanziari (FINMA). Informazioni normative.\",\"breadcrumb\":{\"@id\":\"https:\\\/\\\/www.ffmarcuard.com\\\/it\\\/gestione-patrimoniale-indipendente-lugano\\\/informazioni-regolamentari\\\/#breadcrumb\"},\"inLanguage\":\"it-IT\",\"potentialAction\":[{\"@type\":\"ReadAction\",\"target\":[\"https:\\\/\\\/www.ffmarcuard.com\\\/it\\\/gestione-patrimoniale-indipendente-lugano\\\/informazioni-regolamentari\\\/\"]}]},{\"@type\":\"ImageObject\",\"inLanguage\":\"it-IT\",\"@id\":\"https:\\\/\\\/www.ffmarcuard.com\\\/it\\\/gestione-patrimoniale-indipendente-lugano\\\/informazioni-regolamentari\\\/#primaryimage\",\"url\":\"https:\\\/\\\/www.ffmarcuard.com\\\/wp-content\\\/uploads\\\/2022\\\/01\\\/Regulatory-Information-1.png\",\"contentUrl\":\"https:\\\/\\\/www.ffmarcuard.com\\\/wp-content\\\/uploads\\\/2022\\\/01\\\/Regulatory-Information-1.png\"},{\"@type\":\"BreadcrumbList\",\"@id\":\"https:\\\/\\\/www.ffmarcuard.com\\\/it\\\/gestione-patrimoniale-indipendente-lugano\\\/informazioni-regolamentari\\\/#breadcrumb\",\"itemListElement\":[{\"@type\":\"ListItem\",\"position\":1,\"name\":\"Gestore patrimoniale indipendente a Lugano\",\"item\":\"https:\\\/\\\/www.ffmarcuard.com\\\/it\\\/gestione-patrimoniale-indipendente-lugano\\\/\"},{\"@type\":\"ListItem\",\"position\":2,\"name\":\"Informazioni regolamentari\"}]},{\"@type\":\"WebSite\",\"@id\":\"https:\\\/\\\/www.ffmarcuard.com\\\/it\\\/#website\",\"url\":\"https:\\\/\\\/www.ffmarcuard.com\\\/it\\\/\",\"name\":\"FF Marcuard\",\"description\":\"Wealth Management\",\"publisher\":{\"@id\":\"https:\\\/\\\/www.ffmarcuard.com\\\/it\\\/#organization\"},\"potentialAction\":[{\"@type\":\"SearchAction\",\"target\":{\"@type\":\"EntryPoint\",\"urlTemplate\":\"https:\\\/\\\/www.ffmarcuard.com\\\/it\\\/?s={search_term_string}\"},\"query-input\":{\"@type\":\"PropertyValueSpecification\",\"valueRequired\":true,\"valueName\":\"search_term_string\"}}],\"inLanguage\":\"it-IT\"},{\"@type\":\"Organization\",\"@id\":\"https:\\\/\\\/www.ffmarcuard.com\\\/it\\\/#organization\",\"name\":\"FF Marcuard SA\",\"url\":\"https:\\\/\\\/www.ffmarcuard.com\\\/it\\\/\",\"logo\":{\"@type\":\"ImageObject\",\"inLanguage\":\"it-IT\",\"@id\":\"https:\\\/\\\/www.ffmarcuard.com\\\/it\\\/#\\\/schema\\\/logo\\\/image\\\/\",\"url\":\"https:\\\/\\\/www.ffmarcuard.com\\\/wp-content\\\/uploads\\\/2022\\\/01\\\/FF-Marcuard-SA.png\",\"contentUrl\":\"https:\\\/\\\/www.ffmarcuard.com\\\/wp-content\\\/uploads\\\/2022\\\/01\\\/FF-Marcuard-SA.png\",\"width\":200,\"height\":197,\"caption\":\"FF Marcuard SA\"},\"image\":{\"@id\":\"https:\\\/\\\/www.ffmarcuard.com\\\/it\\\/#\\\/schema\\\/logo\\\/image\\\/\"}}]}<\/script>\n<!-- \/ Yoast SEO plugin. -->","yoast_head_json":{"title":"Informazioni regolamentari &#8212; FF Marcuard","description":"FF Marcuard SA \u00e8 un gestore di portafoglio autorizzato regolamentato dall'Autorit\u00e0 svizzera di vigilanza sui mercati finanziari (FINMA). Informazioni normative.","robots":{"index":"index","follow":"follow","max-snippet":"max-snippet:-1","max-image-preview":"max-image-preview:large","max-video-preview":"max-video-preview:-1"},"canonical":"https:\/\/www.ffmarcuard.com\/it\/gestione-patrimoniale-indipendente-lugano\/informazioni-regolamentari\/","og_locale":"it_IT","og_type":"article","og_title":"Informazioni regolamentari &#8212; FF Marcuard","og_description":"FF Marcuard SA \u00e8 un gestore di portafoglio autorizzato regolamentato dall'Autorit\u00e0 svizzera di vigilanza sui mercati finanziari (FINMA). Informazioni normative.","og_url":"https:\/\/www.ffmarcuard.com\/it\/gestione-patrimoniale-indipendente-lugano\/informazioni-regolamentari\/","og_site_name":"FF Marcuard","article_modified_time":"2025-07-10T07:54:06+00:00","og_image":[{"width":200,"height":197,"url":"https:\/\/www.ffmarcuard.com\/wp-content\/uploads\/2022\/01\/FF-Marcuard-SA.png","type":"image\/png"}],"twitter_card":"summary_large_image","twitter_misc":{"Tempo di lettura stimato":"1 minuto"},"schema":{"@context":"https:\/\/schema.org","@graph":[{"@type":"WebPage","@id":"https:\/\/www.ffmarcuard.com\/it\/gestione-patrimoniale-indipendente-lugano\/informazioni-regolamentari\/","url":"https:\/\/www.ffmarcuard.com\/it\/gestione-patrimoniale-indipendente-lugano\/informazioni-regolamentari\/","name":"Informazioni regolamentari &#8212; FF Marcuard","isPartOf":{"@id":"https:\/\/www.ffmarcuard.com\/it\/#website"},"primaryImageOfPage":{"@id":"https:\/\/www.ffmarcuard.com\/it\/gestione-patrimoniale-indipendente-lugano\/informazioni-regolamentari\/#primaryimage"},"image":{"@id":"https:\/\/www.ffmarcuard.com\/it\/gestione-patrimoniale-indipendente-lugano\/informazioni-regolamentari\/#primaryimage"},"thumbnailUrl":"https:\/\/www.ffmarcuard.com\/wp-content\/uploads\/2022\/01\/Regulatory-Information-1.png","datePublished":"2022-01-15T11:45:49+00:00","dateModified":"2025-07-10T07:54:06+00:00","description":"FF Marcuard SA \u00e8 un gestore di portafoglio autorizzato regolamentato dall'Autorit\u00e0 svizzera di vigilanza sui mercati finanziari (FINMA). Informazioni normative.","breadcrumb":{"@id":"https:\/\/www.ffmarcuard.com\/it\/gestione-patrimoniale-indipendente-lugano\/informazioni-regolamentari\/#breadcrumb"},"inLanguage":"it-IT","potentialAction":[{"@type":"ReadAction","target":["https:\/\/www.ffmarcuard.com\/it\/gestione-patrimoniale-indipendente-lugano\/informazioni-regolamentari\/"]}]},{"@type":"ImageObject","inLanguage":"it-IT","@id":"https:\/\/www.ffmarcuard.com\/it\/gestione-patrimoniale-indipendente-lugano\/informazioni-regolamentari\/#primaryimage","url":"https:\/\/www.ffmarcuard.com\/wp-content\/uploads\/2022\/01\/Regulatory-Information-1.png","contentUrl":"https:\/\/www.ffmarcuard.com\/wp-content\/uploads\/2022\/01\/Regulatory-Information-1.png"},{"@type":"BreadcrumbList","@id":"https:\/\/www.ffmarcuard.com\/it\/gestione-patrimoniale-indipendente-lugano\/informazioni-regolamentari\/#breadcrumb","itemListElement":[{"@type":"ListItem","position":1,"name":"Gestore patrimoniale indipendente a Lugano","item":"https:\/\/www.ffmarcuard.com\/it\/gestione-patrimoniale-indipendente-lugano\/"},{"@type":"ListItem","position":2,"name":"Informazioni regolamentari"}]},{"@type":"WebSite","@id":"https:\/\/www.ffmarcuard.com\/it\/#website","url":"https:\/\/www.ffmarcuard.com\/it\/","name":"FF Marcuard","description":"Wealth Management","publisher":{"@id":"https:\/\/www.ffmarcuard.com\/it\/#organization"},"potentialAction":[{"@type":"SearchAction","target":{"@type":"EntryPoint","urlTemplate":"https:\/\/www.ffmarcuard.com\/it\/?s={search_term_string}"},"query-input":{"@type":"PropertyValueSpecification","valueRequired":true,"valueName":"search_term_string"}}],"inLanguage":"it-IT"},{"@type":"Organization","@id":"https:\/\/www.ffmarcuard.com\/it\/#organization","name":"FF Marcuard SA","url":"https:\/\/www.ffmarcuard.com\/it\/","logo":{"@type":"ImageObject","inLanguage":"it-IT","@id":"https:\/\/www.ffmarcuard.com\/it\/#\/schema\/logo\/image\/","url":"https:\/\/www.ffmarcuard.com\/wp-content\/uploads\/2022\/01\/FF-Marcuard-SA.png","contentUrl":"https:\/\/www.ffmarcuard.com\/wp-content\/uploads\/2022\/01\/FF-Marcuard-SA.png","width":200,"height":197,"caption":"FF Marcuard SA"},"image":{"@id":"https:\/\/www.ffmarcuard.com\/it\/#\/schema\/logo\/image\/"}}]}},"_links":{"self":[{"href":"https:\/\/www.ffmarcuard.com\/it\/wp-json\/wp\/v2\/pages\/29763","targetHints":{"allow":["GET"]}}],"collection":[{"href":"https:\/\/www.ffmarcuard.com\/it\/wp-json\/wp\/v2\/pages"}],"about":[{"href":"https:\/\/www.ffmarcuard.com\/it\/wp-json\/wp\/v2\/types\/page"}],"author":[{"embeddable":true,"href":"https:\/\/www.ffmarcuard.com\/it\/wp-json\/wp\/v2\/users\/1"}],"replies":[{"embeddable":true,"href":"https:\/\/www.ffmarcuard.com\/it\/wp-json\/wp\/v2\/comments?post=29763"}],"version-history":[{"count":6,"href":"https:\/\/www.ffmarcuard.com\/it\/wp-json\/wp\/v2\/pages\/29763\/revisions"}],"predecessor-version":[{"id":31100,"href":"https:\/\/www.ffmarcuard.com\/it\/wp-json\/wp\/v2\/pages\/29763\/revisions\/31100"}],"up":[{"embeddable":true,"href":"https:\/\/www.ffmarcuard.com\/it\/wp-json\/wp\/v2\/pages\/30865"}],"wp:attachment":[{"href":"https:\/\/www.ffmarcuard.com\/it\/wp-json\/wp\/v2\/media?parent=29763"}],"curies":[{"name":"wp","href":"https:\/\/api.w.org\/{rel}","templated":true}]}}