{"id":29761,"date":"2022-01-15T12:45:48","date_gmt":"2022-01-15T11:45:48","guid":{"rendered":"https:\/\/www.ffmarcuard.com\/ff-marcuard-sa\/impronta\/"},"modified":"2025-07-10T10:01:41","modified_gmt":"2025-07-10T08:01:41","slug":"impronta","status":"publish","type":"page","link":"https:\/\/www.ffmarcuard.com\/it\/gestione-patrimoniale-indipendente-lugano\/impronta\/","title":{"rendered":"Impronta"},"content":{"rendered":"\t\t<div data-elementor-type=\"wp-page\" data-elementor-id=\"29761\" class=\"elementor elementor-29761 elementor-29319\" data-elementor-post-type=\"page\">\n\t\t\t\t\t\t<section class=\"elementor-section elementor-top-section elementor-element elementor-element-3e99d5a elementor-section-full_width elementor-section-height-default elementor-section-height-default\" data-id=\"3e99d5a\" data-element_type=\"section\" data-e-type=\"section\">\n\t\t\t\t\t\t<div class=\"elementor-container elementor-column-gap-default\">\n\t\t\t\t\t<div class=\"elementor-column elementor-col-100 elementor-top-column elementor-element elementor-element-34acf80\" data-id=\"34acf80\" data-element_type=\"column\" data-e-type=\"column\">\n\t\t\t<div class=\"elementor-widget-wrap elementor-element-populated\">\n\t\t\t\t\t\t<div class=\"elementor-element elementor-element-0d4fec3 elementor-widget elementor-widget-spacer\" data-id=\"0d4fec3\" data-element_type=\"widget\" data-e-type=\"widget\" data-widget_type=\"spacer.default\">\n\t\t\t\t\t\t\t<div class=\"elementor-spacer\">\n\t\t\t<div class=\"elementor-spacer-inner\"><\/div>\n\t\t<\/div>\n\t\t\t\t\t\t<\/div>\n\t\t\t\t<div class=\"elementor-element elementor-element-eedb37a elementor-widget elementor-widget-breadcrumbs\" data-id=\"eedb37a\" data-element_type=\"widget\" data-e-type=\"widget\" data-widget_type=\"breadcrumbs.default\">\n\t\t\t\t\t<p id=\"breadcrumbs\"><\/p>\t\t\t\t<\/div>\n\t\t\t\t<div class=\"elementor-element elementor-element-ad97963 elementor-widget elementor-widget-heading\" data-id=\"ad97963\" data-element_type=\"widget\" data-e-type=\"widget\" data-widget_type=\"heading.default\">\n\t\t\t\t\t<h1 class=\"elementor-heading-title elementor-size-default\">Note legali<\/h1>\t\t\t\t<\/div>\n\t\t\t\t<div class=\"elementor-element elementor-element-36484be elementor-widget elementor-widget-text-editor\" data-id=\"36484be\" data-element_type=\"widget\" data-e-type=\"widget\" data-widget_type=\"text-editor.default\">\n\t\t\t\t\t\t\t\t\t<strong>Ragione sociale:<\/strong> FF marcuard SA<br>\n<strong>Sede legale:<\/strong> via nassa 56, 6900 Lugano, Svizzera<br>\n<strong>Telefono:<\/strong> +41 91 921 38 11<br><strong>Email:<\/strong> <a href=\"#\" data-email-protect-click=\"kphqBhhoctewctf0eqo\"><span data-email-protect=\"kphqBhhoctewctf0eqo\"><\/span><\/a><br>\n<strong>Numero UID \/ Registro di commercio:<\/strong> CHE\u2011115.827.569<br>\n<strong>Autorit\u00e0 di vigilanza:<\/strong> Autorizzata e regolamentata dall&#8217;Autorit\u00e0 federale di vigilanza sui mercati finanziari (FINMA)\n\n<h3>Rappresentata da<\/h3>\nFiorello Lorenzo Fiore, Managing Partner\n\n<h3>Responsabile della protezione dei dati<\/h3>\nFiorello Lorenzo Fiore<br><strong>Email:<\/strong> <a href=\"#\" data-email-protect-click=\"hkqtgnnq0hkqtgBhhoctewctf0eqo\"><span data-email-protect=\"hkqtgnnq0hkqtgBhhoctewctf0eqo\"><\/span><\/a>\n\n<h3>Disclaimer<\/h3>\nLe informazioni fornite su questo sito web sono a scopo puramente informativo e non costituiscono consulenza legale, fiscale o di investimento. FF Marcuard SA si impegna a garantire l&#8217;accuratezza delle informazioni, ma non si assume alcuna responsabilit\u00e0 per eventuali errori, omissioni o contenuti non aggiornati.<br><br>Questo sito web non \u00e8 destinato all&#8217;uso da parte di persone in giurisdizioni in cui la sua pubblicazione o disponibilit\u00e0 violerebbe le leggi o i regolamenti applicabili. Gli utenti sono responsabili di assicurarsi che l&#8217;accesso e l&#8217;utilizzo di questo sito web siano legalmente consentiti nel loro paese.\n\n<h3>Avviso di copyright<\/h3>\nTutti i contenuti e i materiali presenti su questo sito web, inclusi testi, design, layout, immagini e grafica, sono propriet\u00e0 intellettuale di FF Marcuard SA o dei suoi fornitori di contenuti, salvo diversa indicazione. Qualsiasi riproduzione, distribuzione o utilizzo \u00e8 soggetto a previo consenso scritto.\n\n<h3>Crediti immagine<\/h3>\nAlcune immagini utilizzate su questo sito web provengono da  \n<a href=\"https:\/\/www.pexels.com\/license\/\" target=\"_blank\" rel=\"noopener noreferrer\">Pexels<\/a> e  \n<a href=\"https:\/\/pixabay.com\/service\/license-summary\/\" target=\"_blank\" rel=\"noopener noreferrer\">Pixabay<\/a>, \nentrambi offrono contenuti royalty-free sotto le rispettive licenze. Tutte le altre immagini sono di propriet\u00e0 di FF Marcuard SA o utilizzate con la dovuta autorizzazione.\n\n<h3>Legge applicabile e foro competente<\/h3>\nLa presente nota legale e tutte le controversie derivanti in relazione a questo sito web saranno regolate esclusivamente dal diritto svizzero. Il foro competente \u00e8 Lugano, Svizzera.\n\n<em>Ultimo aggiornamento: luglio 2025<\/em>\n\t\t\t\t\t\t\t\t<\/div>\n\t\t\t\t\t<\/div>\n\t\t<\/div>\n\t\t\t\t\t<\/div>\n\t\t<\/section>\n\t\t\t\t<\/div>\n\t\t","protected":false},"excerpt":{"rendered":"<p>Note legali Ragione sociale: FF marcuard SA Sede legale: via nassa 56, 6900 Lugano, Svizzera Telefono: +41 91 921 38 11Email: Numero UID \/ Registro di commercio: CHE\u2011115.827.569 Autorit\u00e0 di vigilanza: Autorizzata e regolamentata dall&#8217;Autorit\u00e0 federale di vigilanza sui mercati finanziari (FINMA) Rappresentata da Fiorello Lorenzo Fiore, Managing Partner Responsabile della protezione dei dati Fiorello [&hellip;]<\/p>\n","protected":false},"author":1,"featured_media":29698,"parent":30865,"menu_order":0,"comment_status":"closed","ping_status":"closed","template":"","meta":{"footnotes":""},"class_list":["post-29761","page","type-page","status-publish","has-post-thumbnail","hentry"],"yoast_head":"<!-- This site is optimized with the Yoast SEO plugin v27.5 - https:\/\/yoast.com\/product\/yoast-seo-wordpress\/ -->\n<title>Impronta &#8212; FF Marcuard<\/title>\n<meta name=\"description\" content=\"Qui puoi trovare l&#039;impronta del sito web ffmarcuard.com. Prenditi del tempo per leggere attentamente le Condizioni d&#039;uso.\" \/>\n<meta name=\"robots\" content=\"index, follow, max-snippet:-1, max-image-preview:large, max-video-preview:-1\" \/>\n<link rel=\"canonical\" href=\"https:\/\/www.ffmarcuard.com\/it\/gestione-patrimoniale-indipendente-lugano\/impronta\/\" \/>\n<meta property=\"og:locale\" content=\"it_IT\" \/>\n<meta property=\"og:type\" content=\"article\" \/>\n<meta property=\"og:title\" content=\"Impronta &#8212; FF Marcuard\" \/>\n<meta property=\"og:description\" content=\"Qui puoi trovare l&#039;impronta del sito web ffmarcuard.com. Prenditi del tempo per leggere attentamente le Condizioni d&#039;uso.\" \/>\n<meta property=\"og:url\" content=\"https:\/\/www.ffmarcuard.com\/it\/gestione-patrimoniale-indipendente-lugano\/impronta\/\" \/>\n<meta property=\"og:site_name\" content=\"FF Marcuard\" \/>\n<meta property=\"article:modified_time\" content=\"2025-07-10T08:01:41+00:00\" \/>\n<meta property=\"og:image\" content=\"https:\/\/www.ffmarcuard.com\/wp-content\/uploads\/2022\/01\/Wealth-Management-FF-Marcuard-Lugano-Favicon.webp\" \/>\n\t<meta property=\"og:image:width\" content=\"512\" \/>\n\t<meta property=\"og:image:height\" content=\"512\" \/>\n\t<meta property=\"og:image:type\" content=\"image\/png\" \/>\n<meta name=\"twitter:card\" content=\"summary_large_image\" \/>\n<meta name=\"twitter:label1\" content=\"Tempo di lettura stimato\" \/>\n\t<meta name=\"twitter:data1\" content=\"1 minuto\" \/>\n<script type=\"application\/ld+json\" class=\"yoast-schema-graph\">{\"@context\":\"https:\\\/\\\/schema.org\",\"@graph\":[{\"@type\":\"WebPage\",\"@id\":\"https:\\\/\\\/www.ffmarcuard.com\\\/it\\\/gestione-patrimoniale-indipendente-lugano\\\/impronta\\\/\",\"url\":\"https:\\\/\\\/www.ffmarcuard.com\\\/it\\\/gestione-patrimoniale-indipendente-lugano\\\/impronta\\\/\",\"name\":\"Impronta &#8212; FF Marcuard\",\"isPartOf\":{\"@id\":\"https:\\\/\\\/www.ffmarcuard.com\\\/it\\\/#website\"},\"primaryImageOfPage\":{\"@id\":\"https:\\\/\\\/www.ffmarcuard.com\\\/it\\\/gestione-patrimoniale-indipendente-lugano\\\/impronta\\\/#primaryimage\"},\"image\":{\"@id\":\"https:\\\/\\\/www.ffmarcuard.com\\\/it\\\/gestione-patrimoniale-indipendente-lugano\\\/impronta\\\/#primaryimage\"},\"thumbnailUrl\":\"https:\\\/\\\/www.ffmarcuard.com\\\/wp-content\\\/uploads\\\/2022\\\/01\\\/Wealth-Management-FF-Marcuard-Lugano-Favicon.webp\",\"datePublished\":\"2022-01-15T11:45:48+00:00\",\"dateModified\":\"2025-07-10T08:01:41+00:00\",\"description\":\"Qui puoi trovare l'impronta del sito web ffmarcuard.com. Prenditi del tempo per leggere attentamente le Condizioni d'uso.\",\"breadcrumb\":{\"@id\":\"https:\\\/\\\/www.ffmarcuard.com\\\/it\\\/gestione-patrimoniale-indipendente-lugano\\\/impronta\\\/#breadcrumb\"},\"inLanguage\":\"it-IT\",\"potentialAction\":[{\"@type\":\"ReadAction\",\"target\":[\"https:\\\/\\\/www.ffmarcuard.com\\\/it\\\/gestione-patrimoniale-indipendente-lugano\\\/impronta\\\/\"]}]},{\"@type\":\"ImageObject\",\"inLanguage\":\"it-IT\",\"@id\":\"https:\\\/\\\/www.ffmarcuard.com\\\/it\\\/gestione-patrimoniale-indipendente-lugano\\\/impronta\\\/#primaryimage\",\"url\":\"https:\\\/\\\/www.ffmarcuard.com\\\/wp-content\\\/uploads\\\/2022\\\/01\\\/Wealth-Management-FF-Marcuard-Lugano-Favicon.webp\",\"contentUrl\":\"https:\\\/\\\/www.ffmarcuard.com\\\/wp-content\\\/uploads\\\/2022\\\/01\\\/Wealth-Management-FF-Marcuard-Lugano-Favicon.webp\",\"width\":512,\"height\":512,\"caption\":\"cropped-ff-marcuard-logo-gestori-patrimoniali-ii\"},{\"@type\":\"BreadcrumbList\",\"@id\":\"https:\\\/\\\/www.ffmarcuard.com\\\/it\\\/gestione-patrimoniale-indipendente-lugano\\\/impronta\\\/#breadcrumb\",\"itemListElement\":[{\"@type\":\"ListItem\",\"position\":1,\"name\":\"Gestore patrimoniale indipendente a Lugano\",\"item\":\"https:\\\/\\\/www.ffmarcuard.com\\\/it\\\/gestione-patrimoniale-indipendente-lugano\\\/\"},{\"@type\":\"ListItem\",\"position\":2,\"name\":\"Impronta\"}]},{\"@type\":\"WebSite\",\"@id\":\"https:\\\/\\\/www.ffmarcuard.com\\\/it\\\/#website\",\"url\":\"https:\\\/\\\/www.ffmarcuard.com\\\/it\\\/\",\"name\":\"FF Marcuard\",\"description\":\"Wealth Management\",\"publisher\":{\"@id\":\"https:\\\/\\\/www.ffmarcuard.com\\\/it\\\/#organization\"},\"potentialAction\":[{\"@type\":\"SearchAction\",\"target\":{\"@type\":\"EntryPoint\",\"urlTemplate\":\"https:\\\/\\\/www.ffmarcuard.com\\\/it\\\/?s={search_term_string}\"},\"query-input\":{\"@type\":\"PropertyValueSpecification\",\"valueRequired\":true,\"valueName\":\"search_term_string\"}}],\"inLanguage\":\"it-IT\"},{\"@type\":\"Organization\",\"@id\":\"https:\\\/\\\/www.ffmarcuard.com\\\/it\\\/#organization\",\"name\":\"FF Marcuard SA\",\"url\":\"https:\\\/\\\/www.ffmarcuard.com\\\/it\\\/\",\"logo\":{\"@type\":\"ImageObject\",\"inLanguage\":\"it-IT\",\"@id\":\"https:\\\/\\\/www.ffmarcuard.com\\\/it\\\/#\\\/schema\\\/logo\\\/image\\\/\",\"url\":\"https:\\\/\\\/www.ffmarcuard.com\\\/wp-content\\\/uploads\\\/2022\\\/01\\\/FF-Marcuard-SA.png\",\"contentUrl\":\"https:\\\/\\\/www.ffmarcuard.com\\\/wp-content\\\/uploads\\\/2022\\\/01\\\/FF-Marcuard-SA.png\",\"width\":200,\"height\":197,\"caption\":\"FF Marcuard SA\"},\"image\":{\"@id\":\"https:\\\/\\\/www.ffmarcuard.com\\\/it\\\/#\\\/schema\\\/logo\\\/image\\\/\"}}]}<\/script>\n<!-- \/ Yoast SEO plugin. -->","yoast_head_json":{"title":"Impronta &#8212; FF Marcuard","description":"Qui puoi trovare l'impronta del sito web ffmarcuard.com. Prenditi del tempo per leggere attentamente le Condizioni d'uso.","robots":{"index":"index","follow":"follow","max-snippet":"max-snippet:-1","max-image-preview":"max-image-preview:large","max-video-preview":"max-video-preview:-1"},"canonical":"https:\/\/www.ffmarcuard.com\/it\/gestione-patrimoniale-indipendente-lugano\/impronta\/","og_locale":"it_IT","og_type":"article","og_title":"Impronta &#8212; FF Marcuard","og_description":"Qui puoi trovare l'impronta del sito web ffmarcuard.com. Prenditi del tempo per leggere attentamente le Condizioni d'uso.","og_url":"https:\/\/www.ffmarcuard.com\/it\/gestione-patrimoniale-indipendente-lugano\/impronta\/","og_site_name":"FF Marcuard","article_modified_time":"2025-07-10T08:01:41+00:00","og_image":[{"width":512,"height":512,"url":"https:\/\/www.ffmarcuard.com\/wp-content\/uploads\/2022\/01\/Wealth-Management-FF-Marcuard-Lugano-Favicon.webp","type":"image\/png"}],"twitter_card":"summary_large_image","twitter_misc":{"Tempo di lettura stimato":"1 minuto"},"schema":{"@context":"https:\/\/schema.org","@graph":[{"@type":"WebPage","@id":"https:\/\/www.ffmarcuard.com\/it\/gestione-patrimoniale-indipendente-lugano\/impronta\/","url":"https:\/\/www.ffmarcuard.com\/it\/gestione-patrimoniale-indipendente-lugano\/impronta\/","name":"Impronta &#8212; FF Marcuard","isPartOf":{"@id":"https:\/\/www.ffmarcuard.com\/it\/#website"},"primaryImageOfPage":{"@id":"https:\/\/www.ffmarcuard.com\/it\/gestione-patrimoniale-indipendente-lugano\/impronta\/#primaryimage"},"image":{"@id":"https:\/\/www.ffmarcuard.com\/it\/gestione-patrimoniale-indipendente-lugano\/impronta\/#primaryimage"},"thumbnailUrl":"https:\/\/www.ffmarcuard.com\/wp-content\/uploads\/2022\/01\/Wealth-Management-FF-Marcuard-Lugano-Favicon.webp","datePublished":"2022-01-15T11:45:48+00:00","dateModified":"2025-07-10T08:01:41+00:00","description":"Qui puoi trovare l'impronta del sito web ffmarcuard.com. Prenditi del tempo per leggere attentamente le Condizioni d'uso.","breadcrumb":{"@id":"https:\/\/www.ffmarcuard.com\/it\/gestione-patrimoniale-indipendente-lugano\/impronta\/#breadcrumb"},"inLanguage":"it-IT","potentialAction":[{"@type":"ReadAction","target":["https:\/\/www.ffmarcuard.com\/it\/gestione-patrimoniale-indipendente-lugano\/impronta\/"]}]},{"@type":"ImageObject","inLanguage":"it-IT","@id":"https:\/\/www.ffmarcuard.com\/it\/gestione-patrimoniale-indipendente-lugano\/impronta\/#primaryimage","url":"https:\/\/www.ffmarcuard.com\/wp-content\/uploads\/2022\/01\/Wealth-Management-FF-Marcuard-Lugano-Favicon.webp","contentUrl":"https:\/\/www.ffmarcuard.com\/wp-content\/uploads\/2022\/01\/Wealth-Management-FF-Marcuard-Lugano-Favicon.webp","width":512,"height":512,"caption":"cropped-ff-marcuard-logo-gestori-patrimoniali-ii"},{"@type":"BreadcrumbList","@id":"https:\/\/www.ffmarcuard.com\/it\/gestione-patrimoniale-indipendente-lugano\/impronta\/#breadcrumb","itemListElement":[{"@type":"ListItem","position":1,"name":"Gestore patrimoniale indipendente a Lugano","item":"https:\/\/www.ffmarcuard.com\/it\/gestione-patrimoniale-indipendente-lugano\/"},{"@type":"ListItem","position":2,"name":"Impronta"}]},{"@type":"WebSite","@id":"https:\/\/www.ffmarcuard.com\/it\/#website","url":"https:\/\/www.ffmarcuard.com\/it\/","name":"FF Marcuard","description":"Wealth Management","publisher":{"@id":"https:\/\/www.ffmarcuard.com\/it\/#organization"},"potentialAction":[{"@type":"SearchAction","target":{"@type":"EntryPoint","urlTemplate":"https:\/\/www.ffmarcuard.com\/it\/?s={search_term_string}"},"query-input":{"@type":"PropertyValueSpecification","valueRequired":true,"valueName":"search_term_string"}}],"inLanguage":"it-IT"},{"@type":"Organization","@id":"https:\/\/www.ffmarcuard.com\/it\/#organization","name":"FF Marcuard SA","url":"https:\/\/www.ffmarcuard.com\/it\/","logo":{"@type":"ImageObject","inLanguage":"it-IT","@id":"https:\/\/www.ffmarcuard.com\/it\/#\/schema\/logo\/image\/","url":"https:\/\/www.ffmarcuard.com\/wp-content\/uploads\/2022\/01\/FF-Marcuard-SA.png","contentUrl":"https:\/\/www.ffmarcuard.com\/wp-content\/uploads\/2022\/01\/FF-Marcuard-SA.png","width":200,"height":197,"caption":"FF Marcuard SA"},"image":{"@id":"https:\/\/www.ffmarcuard.com\/it\/#\/schema\/logo\/image\/"}}]}},"_links":{"self":[{"href":"https:\/\/www.ffmarcuard.com\/it\/wp-json\/wp\/v2\/pages\/29761","targetHints":{"allow":["GET"]}}],"collection":[{"href":"https:\/\/www.ffmarcuard.com\/it\/wp-json\/wp\/v2\/pages"}],"about":[{"href":"https:\/\/www.ffmarcuard.com\/it\/wp-json\/wp\/v2\/types\/page"}],"author":[{"embeddable":true,"href":"https:\/\/www.ffmarcuard.com\/it\/wp-json\/wp\/v2\/users\/1"}],"replies":[{"embeddable":true,"href":"https:\/\/www.ffmarcuard.com\/it\/wp-json\/wp\/v2\/comments?post=29761"}],"version-history":[{"count":8,"href":"https:\/\/www.ffmarcuard.com\/it\/wp-json\/wp\/v2\/pages\/29761\/revisions"}],"predecessor-version":[{"id":31108,"href":"https:\/\/www.ffmarcuard.com\/it\/wp-json\/wp\/v2\/pages\/29761\/revisions\/31108"}],"up":[{"embeddable":true,"href":"https:\/\/www.ffmarcuard.com\/it\/wp-json\/wp\/v2\/pages\/30865"}],"wp:featuredmedia":[{"embeddable":true,"href":"https:\/\/www.ffmarcuard.com\/it\/wp-json\/wp\/v2\/media\/29698"}],"wp:attachment":[{"href":"https:\/\/www.ffmarcuard.com\/it\/wp-json\/wp\/v2\/media?parent=29761"}],"curies":[{"name":"wp","href":"https:\/\/api.w.org\/{rel}","templated":true}]}}